{"id":98,"date":"2017-12-30T12:57:58","date_gmt":"2017-12-30T11:57:58","guid":{"rendered":"http:\/\/csa-ruelle.fr\/?page_id=98"},"modified":"2018-02-07T15:49:58","modified_gmt":"2018-02-07T14:49:58","slug":"ville-de-ruelle-sur-touvre","status":"publish","type":"page","link":"https:\/\/csa-ruelle.fr\/?page_id=98","title":{"rendered":"Ville de Ruelle sur Touvre"},"content":{"rendered":"<div class=\"top col-md-12\">\n<h3 class=\"main-titles\">Ruelle-sur-Touvre aujourd\u2019hui<\/h3>\n<\/div>\n<div class=\"no-padding content col-xs-12 col-sm-12 col-md-9 col-lg-9\">\n<div class=\"page_categorie\">\n<div class=\"page_categorie-content col-md-12\"><img loading=\"lazy\" decoding=\"async\" class=\"attachment-image_a_la_une size-image_a_la_une wp-post-image\" src=\"https:\/\/www.ville-ruellesurtouvre.fr\/wp-content\/uploads\/2017\/07\/Escalier_Mairie_Ruelle-1170x252.jpg\" sizes=\"auto, (max-width: 1170px) 100vw, 1170px\" srcset=\"https:\/\/www.ville-ruellesurtouvre.fr\/wp-content\/uploads\/2017\/07\/Escalier_Mairie_Ruelle-1170x252.jpg 1170w, https:\/\/www.ville-ruellesurtouvre.fr\/wp-content\/uploads\/2017\/07\/Escalier_Mairie_Ruelle-1160x250.jpg 1160w\" alt=\"\" width=\"1170\" height=\"252\" \/>&nbsp;<\/p>\n<p>Chef-lieu de canton, quatri\u00e8me ville de Charente, notre commune compte aujourd&rsquo;hui 7734 habitant.e.s (recensement 2015), r\u00e9partis sur une superficie de 1066 hectares, au sein du Grand Angoul\u00eame.<\/p>\n<p>Forte de son histoire \u00e9conomique et sociale autour de la fonderie, devenue DCN (Direction des Chantiers navals) puis DCNS et depuis peu Naval Group, notre ville se tourne r\u00e9solument vers l&rsquo;avenir et propose de nombreux \u00e9quipements et services au public : th\u00e9\u00e2tre, m\u00e9diath\u00e8que, complexe sportif du site de la Porte, aire de jeux et de loisirs&#8230;<\/p>\n<p><a href=\"https:\/\/www.ville-ruellesurtouvre.fr\/category\/ruelle-sur-touvre-aujourdhui\/\" target=\"_blank\" rel=\"noopener\">Continuer sur le site de la ville &gt;&gt;<\/a><\/p>\n<\/div>\n<\/div>\n<\/div>\n","protected":false},"excerpt":{"rendered":"<p>Ruelle-sur-Touvre aujourd\u2019hui &nbsp; Chef-lieu de canton, quatri\u00e8me ville de Charente, notre commune compte aujourd&rsquo;hui 7734 habitant.e.s (recensement 2015), r\u00e9partis sur une superficie de 1066 hectares, au sein du Grand Angoul\u00eame. Forte de son histoire \u00e9conomique et sociale autour de la fonderie, devenue DCN (Direction des Chantiers navals) puis DCNS et depuis peu Naval Group, notre &hellip; <\/p>\n<p class=\"link-more\"><a href=\"https:\/\/csa-ruelle.fr\/?page_id=98\" class=\"more-link\">Continuer la lecture<span class=\"screen-reader-text\"> de &laquo;&nbsp;Ville de Ruelle sur Touvre&nbsp;&raquo;<\/span><\/a><\/p>\n","protected":false},"author":1,"featured_media":0,"parent":0,"menu_order":0,"comment_status":"closed","ping_status":"closed","template":"","meta":{"footnotes":""},"class_list":["post-98","page","type-page","status-publish","hentry"],"_links":{"self":[{"href":"https:\/\/csa-ruelle.fr\/index.php?rest_route=\/wp\/v2\/pages\/98","targetHints":{"allow":["GET"]}}],"collection":[{"href":"https:\/\/csa-ruelle.fr\/index.php?rest_route=\/wp\/v2\/pages"}],"about":[{"href":"https:\/\/csa-ruelle.fr\/index.php?rest_route=\/wp\/v2\/types\/page"}],"author":[{"embeddable":true,"href":"https:\/\/csa-ruelle.fr\/index.php?rest_route=\/wp\/v2\/users\/1"}],"replies":[{"embeddable":true,"href":"https:\/\/csa-ruelle.fr\/index.php?rest_route=%2Fwp%2Fv2%2Fcomments&post=98"}],"version-history":[{"count":2,"href":"https:\/\/csa-ruelle.fr\/index.php?rest_route=\/wp\/v2\/pages\/98\/revisions"}],"predecessor-version":[{"id":177,"href":"https:\/\/csa-ruelle.fr\/index.php?rest_route=\/wp\/v2\/pages\/98\/revisions\/177"}],"wp:attachment":[{"href":"https:\/\/csa-ruelle.fr\/index.php?rest_route=%2Fwp%2Fv2%2Fmedia&parent=98"}],"curies":[{"name":"wp","href":"https:\/\/api.w.org\/{rel}","templated":true}]}}