{"id":96,"date":"2017-12-30T12:56:57","date_gmt":"2017-12-30T11:56:57","guid":{"rendered":"http:\/\/csa-ruelle.fr\/?page_id=96"},"modified":"2018-12-16T12:39:21","modified_gmt":"2018-12-16T11:39:21","slug":"federation-des-clubs-de-la-defense-f-c-d","status":"publish","type":"page","link":"https:\/\/csa-ruelle.fr\/?page_id=96","title":{"rendered":"F\u00e9d\u00e9ration des Clubs de la D\u00e9fense (F.C.D.)"},"content":{"rendered":"\n<h2 class=\"wp-block-heading\"><br>D\u00e9couvrez <a href=\"https:\/\/www.lafederationdefense.fr\/\">le site Web<\/a><\/h2>\n","protected":false},"excerpt":{"rendered":"<p>D\u00e9couvrez le site Web<\/p>\n","protected":false},"author":1,"featured_media":0,"parent":0,"menu_order":0,"comment_status":"closed","ping_status":"closed","template":"","meta":{"footnotes":""},"class_list":["post-96","page","type-page","status-publish","hentry"],"_links":{"self":[{"href":"https:\/\/csa-ruelle.fr\/index.php?rest_route=\/wp\/v2\/pages\/96","targetHints":{"allow":["GET"]}}],"collection":[{"href":"https:\/\/csa-ruelle.fr\/index.php?rest_route=\/wp\/v2\/pages"}],"about":[{"href":"https:\/\/csa-ruelle.fr\/index.php?rest_route=\/wp\/v2\/types\/page"}],"author":[{"embeddable":true,"href":"https:\/\/csa-ruelle.fr\/index.php?rest_route=\/wp\/v2\/users\/1"}],"replies":[{"embeddable":true,"href":"https:\/\/csa-ruelle.fr\/index.php?rest_route=%2Fwp%2Fv2%2Fcomments&post=96"}],"version-history":[{"count":3,"href":"https:\/\/csa-ruelle.fr\/index.php?rest_route=\/wp\/v2\/pages\/96\/revisions"}],"predecessor-version":[{"id":374,"href":"https:\/\/csa-ruelle.fr\/index.php?rest_route=\/wp\/v2\/pages\/96\/revisions\/374"}],"wp:attachment":[{"href":"https:\/\/csa-ruelle.fr\/index.php?rest_route=%2Fwp%2Fv2%2Fmedia&parent=96"}],"curies":[{"name":"wp","href":"https:\/\/api.w.org\/{rel}","templated":true}]}}