{"id":9,"date":"2017-12-16T23:13:12","date_gmt":"2017-12-16T22:13:12","guid":{"rendered":"http:\/\/csa-ruelle.fr\/?page_id=9"},"modified":"2018-12-17T09:48:47","modified_gmt":"2018-12-17T08:48:47","slug":"contact","status":"publish","type":"page","link":"https:\/\/csa-ruelle.fr\/?page_id=9","title":{"rendered":"Contact"},"content":{"rendered":"\n<p><strong>Informations CLUB :<\/strong><\/p>\n\n\n\n<p><em>Le si\u00e8ge est situ\u00e9 au 5 Avenue Jean Jaur\u00e8s &#8211; 16600 RUELLE\/TOUVRE<\/em><\/p>\n\n\n\n<p><em>Num\u00e9ro APE : 9312Z<\/em><\/p>\n\n\n\n<p><em>Messagerie&nbsp; :&nbsp; csaruelle@free.fr ou duroudier@aol.com<\/em><br><em>T\u00e9l\u00e9phone : 06.72.34.20.86<\/em><br><em>Site Internet :&nbsp;&nbsp;<\/em><a href=\"http:\/\/www.ruelle.clubdef.fr\/\"><em>www.csa-ruelle.fr<\/em><\/a><\/p>\n\n\n\n<p><em>Pour plus d&rsquo;information sur les sections t\u00e9l\u00e9charger le triptyque \u00e0 la page d&rsquo;accueil.<\/em><\/p>\n\n\n\n\n\n<p><br><\/p>\n\n\n\n<p><br><\/p>\n\n\n\n<p><br><\/p>\n\n\n\n<p><br><\/p>\n\n\n\n<p><br><\/p>\n\n\n\n<p><br><\/p>\n\n\n\n<p><br><\/p>\n\n\n\n<p><br><\/p>\n","protected":false},"excerpt":{"rendered":"<p>Informations CLUB : Le si\u00e8ge est situ\u00e9 au 5 Avenue Jean Jaur\u00e8s &#8211; 16600 RUELLE\/TOUVRE Num\u00e9ro APE : 9312Z Messagerie&nbsp; :&nbsp; csaruelle@free.fr ou duroudier@aol.comT\u00e9l\u00e9phone : 06.72.34.20.86Site Internet :&nbsp;&nbsp;www.csa-ruelle.fr Pour plus d&rsquo;information sur les sections t\u00e9l\u00e9charger le triptyque \u00e0 la page d&rsquo;accueil.<\/p>\n","protected":false},"author":1,"featured_media":4,"parent":0,"menu_order":0,"comment_status":"closed","ping_status":"closed","template":"","meta":{"footnotes":""},"class_list":["post-9","page","type-page","status-publish","has-post-thumbnail","hentry"],"_links":{"self":[{"href":"https:\/\/csa-ruelle.fr\/index.php?rest_route=\/wp\/v2\/pages\/9","targetHints":{"allow":["GET"]}}],"collection":[{"href":"https:\/\/csa-ruelle.fr\/index.php?rest_route=\/wp\/v2\/pages"}],"about":[{"href":"https:\/\/csa-ruelle.fr\/index.php?rest_route=\/wp\/v2\/types\/page"}],"author":[{"embeddable":true,"href":"https:\/\/csa-ruelle.fr\/index.php?rest_route=\/wp\/v2\/users\/1"}],"replies":[{"embeddable":true,"href":"https:\/\/csa-ruelle.fr\/index.php?rest_route=%2Fwp%2Fv2%2Fcomments&post=9"}],"version-history":[{"count":7,"href":"https:\/\/csa-ruelle.fr\/index.php?rest_route=\/wp\/v2\/pages\/9\/revisions"}],"predecessor-version":[{"id":376,"href":"https:\/\/csa-ruelle.fr\/index.php?rest_route=\/wp\/v2\/pages\/9\/revisions\/376"}],"wp:featuredmedia":[{"embeddable":true,"href":"https:\/\/csa-ruelle.fr\/index.php?rest_route=\/wp\/v2\/media\/4"}],"wp:attachment":[{"href":"https:\/\/csa-ruelle.fr\/index.php?rest_route=%2Fwp%2Fv2%2Fmedia&parent=9"}],"curies":[{"name":"wp","href":"https:\/\/api.w.org\/{rel}","templated":true}]}}