{"id":83,"date":"2017-12-30T12:48:28","date_gmt":"2017-12-30T11:48:28","guid":{"rendered":"http:\/\/csa-ruelle.fr\/?page_id=83"},"modified":"2019-09-25T17:14:19","modified_gmt":"2019-09-25T15:14:19","slug":"section-photo","status":"publish","type":"page","link":"https:\/\/csa-ruelle.fr\/?page_id=83","title":{"rendered":"Section Photo"},"content":{"rendered":"<h2>Argentique, num\u00e9rique, F\u00e9d\u00e9ration Photographique de France, concours photos\u2026 D\u00e9couvrez <a href=\"http:\/\/club-photo-ruelle.com\/\" target=\"_blank\" rel=\"noopener noreferrer\">leur site web<\/a><\/h2>\n\n\n<div class=\"wp-block-file\"><a href=\"https:\/\/csa-ruelle.fr\/wp-content\/uploads\/2019\/09\/R\u00e8glementinternephoto-1.pdf\">R\u00e8glementinternephoto<\/a><a href=\"https:\/\/csa-ruelle.fr\/wp-content\/uploads\/2019\/09\/R\u00e8glementinternephoto-1.pdf\" class=\"wp-block-file__button\" download>T\u00e9l\u00e9charger<\/a><\/div>\n","protected":false},"excerpt":{"rendered":"<p>Argentique, num\u00e9rique, F\u00e9d\u00e9ration Photographique de France, concours photos\u2026 D\u00e9couvrez leur site web<\/p>\n","protected":false},"author":1,"featured_media":0,"parent":0,"menu_order":0,"comment_status":"closed","ping_status":"closed","template":"","meta":{"footnotes":""},"class_list":["post-83","page","type-page","status-publish","hentry"],"_links":{"self":[{"href":"https:\/\/csa-ruelle.fr\/index.php?rest_route=\/wp\/v2\/pages\/83","targetHints":{"allow":["GET"]}}],"collection":[{"href":"https:\/\/csa-ruelle.fr\/index.php?rest_route=\/wp\/v2\/pages"}],"about":[{"href":"https:\/\/csa-ruelle.fr\/index.php?rest_route=\/wp\/v2\/types\/page"}],"author":[{"embeddable":true,"href":"https:\/\/csa-ruelle.fr\/index.php?rest_route=\/wp\/v2\/users\/1"}],"replies":[{"embeddable":true,"href":"https:\/\/csa-ruelle.fr\/index.php?rest_route=%2Fwp%2Fv2%2Fcomments&post=83"}],"version-history":[{"count":7,"href":"https:\/\/csa-ruelle.fr\/index.php?rest_route=\/wp\/v2\/pages\/83\/revisions"}],"predecessor-version":[{"id":487,"href":"https:\/\/csa-ruelle.fr\/index.php?rest_route=\/wp\/v2\/pages\/83\/revisions\/487"}],"wp:attachment":[{"href":"https:\/\/csa-ruelle.fr\/index.php?rest_route=%2Fwp%2Fv2%2Fmedia&parent=83"}],"curies":[{"name":"wp","href":"https:\/\/api.w.org\/{rel}","templated":true}]}}