{"id":76,"date":"2017-12-30T12:47:03","date_gmt":"2017-12-30T11:47:03","guid":{"rendered":"http:\/\/csa-ruelle.fr\/?page_id=76"},"modified":"2021-12-30T10:53:00","modified_gmt":"2021-12-30T09:53:00","slug":"section-remise-en-forme","status":"publish","type":"page","link":"https:\/\/csa-ruelle.fr\/?page_id=76","title":{"rendered":"Section Remise en Forme"},"content":{"rendered":"\n<p><strong><a href=\"https:\/\/www.facebook.com\/csarRemiseEnForme\/F\">Page Facebook REF<\/a><\/strong><\/p>\n\n\n\n<p>Apr\u00e8s le changement de rev\u00eatement du sol !!<\/p>\n\n\n\n<figure class=\"wp-block-image size-large\"><img loading=\"lazy\" decoding=\"async\" width=\"1024\" height=\"768\" src=\"https:\/\/csa-ruelle.fr\/wp-content\/uploads\/2021\/12\/20211229_105043-1-1024x768.jpg\" alt=\"\" class=\"wp-image-802\" srcset=\"https:\/\/csa-ruelle.fr\/wp-content\/uploads\/2021\/12\/20211229_105043-1-1024x768.jpg 1024w, https:\/\/csa-ruelle.fr\/wp-content\/uploads\/2021\/12\/20211229_105043-1-300x225.jpg 300w, https:\/\/csa-ruelle.fr\/wp-content\/uploads\/2021\/12\/20211229_105043-1-768x576.jpg 768w, https:\/\/csa-ruelle.fr\/wp-content\/uploads\/2021\/12\/20211229_105043-1-1536x1152.jpg 1536w, https:\/\/csa-ruelle.fr\/wp-content\/uploads\/2021\/12\/20211229_105043-1-2048x1536.jpg 2048w\" sizes=\"auto, (max-width: 767px) 89vw, (max-width: 1000px) 54vw, (max-width: 1071px) 543px, 580px\" \/><\/figure>\n\n\n\n<figure class=\"wp-block-image\"><img loading=\"lazy\" decoding=\"async\" width=\"1024\" height=\"768\" src=\"https:\/\/csa-ruelle.fr\/wp-content\/uploads\/2019\/01\/P1110158-1024x768.jpg\" alt=\"\" class=\"wp-image-408\" srcset=\"https:\/\/csa-ruelle.fr\/wp-content\/uploads\/2019\/01\/P1110158-1024x768.jpg 1024w, https:\/\/csa-ruelle.fr\/wp-content\/uploads\/2019\/01\/P1110158-300x225.jpg 300w, https:\/\/csa-ruelle.fr\/wp-content\/uploads\/2019\/01\/P1110158-768x576.jpg 768w\" sizes=\"auto, (max-width: 767px) 89vw, (max-width: 1000px) 54vw, (max-width: 1071px) 543px, 580px\" \/><\/figure>\n\n\n\n<figure class=\"wp-block-image is-resized\"><img loading=\"lazy\" decoding=\"async\" src=\"https:\/\/csa-ruelle.fr\/wp-content\/uploads\/2019\/01\/P1110159-1024x768.jpg\" alt=\"\" class=\"wp-image-409\" width=\"674\" height=\"505\" srcset=\"https:\/\/csa-ruelle.fr\/wp-content\/uploads\/2019\/01\/P1110159-1024x768.jpg 1024w, https:\/\/csa-ruelle.fr\/wp-content\/uploads\/2019\/01\/P1110159-300x225.jpg 300w, https:\/\/csa-ruelle.fr\/wp-content\/uploads\/2019\/01\/P1110159-768x576.jpg 768w\" sizes=\"auto, (max-width: 674px) 100vw, 674px\" \/><\/figure>\n\n\n\n<p><strong>NOTA : le point important de la derni\u00e8re modification du r\u00e8glement interne du 27 octobre 2021 :<\/strong>  <\/p>\n\n\n\n<p><strong>8-1-2<\/strong> <strong>R\u00e8gles de s\u00e9curit\u00e9<\/strong><\/p>\n\n\n\n<p>Il est interdit de pratiquer l\u2019activit\u00e9 de Remise en Forme \u00ab <strong>seul <\/strong>\u00bb dans la salle.<br>L\u2019obligation g\u00e9n\u00e9rale de s\u00e9curit\u00e9 de porter secours dans les meilleurs d\u00e9lais doit pouvoir \u00eatre respect\u00e9e.<\/p>\n\n\n\n<div data-wp-interactive=\"core\/file\" class=\"wp-block-file\"><object data-wp-bind--hidden=\"!state.hasPdfPreview\" hidden class=\"wp-block-file__embed\" data=\"https:\/\/csa-ruelle.fr\/wp-content\/uploads\/2021\/11\/ReglementinterneREF-valide-27-octobre-2021-3.pdf\" type=\"application\/pdf\" style=\"width:100%;height:600px\" aria-label=\"Contenu embarqu\u00e9 Contenu embarqu\u00e9 ReglementinterneREF-valide-27-octobre-2021-3..\"><\/object><a href=\"https:\/\/csa-ruelle.fr\/wp-content\/uploads\/2021\/11\/ReglementinterneREF-valide-27-octobre-2021-3.pdf\">ReglementinterneREF-valide-27-octobre-2021-3<\/a><a href=\"https:\/\/csa-ruelle.fr\/wp-content\/uploads\/2021\/11\/ReglementinterneREF-valide-27-octobre-2021-3.pdf\" class=\"wp-block-file__button\" download>T\u00e9l\u00e9charger<\/a><\/div>\n\n\n\n<div data-wp-interactive=\"core\/file\" class=\"wp-block-file\"><object data-wp-bind--hidden=\"!state.hasPdfPreview\" hidden class=\"wp-block-file__embed\" data=\"https:\/\/csa-ruelle.fr\/wp-content\/uploads\/2021\/11\/ReglementinterneREF-valide-27-octobre-2021-2.pdf\" type=\"application\/pdf\" style=\"width:100%;height:600px\" aria-label=\"Contenu embarqu\u00e9 Contenu embarqu\u00e9 ReglementinterneREF-valide-27-octobre-2021-2..\"><\/object><a href=\"https:\/\/csa-ruelle.fr\/wp-content\/uploads\/2021\/11\/ReglementinterneREF-valide-27-octobre-2021-2.pdf\">ReglementinterneREF-valide-27-octobre-2021-2<\/a><a href=\"https:\/\/csa-ruelle.fr\/wp-content\/uploads\/2021\/11\/ReglementinterneREF-valide-27-octobre-2021-2.pdf\" class=\"wp-block-file__button\" download>T\u00e9l\u00e9charger<\/a><\/div>\n\n\n\n<div data-wp-interactive=\"core\/file\" class=\"wp-block-file\"><object data-wp-bind--hidden=\"!state.hasPdfPreview\" hidden class=\"wp-block-file__embed\" data=\"https:\/\/csa-ruelle.fr\/wp-content\/uploads\/2021\/09\/CR-Reunion-de-bureau-du-24-04-2021-1.pdf\" type=\"application\/pdf\" style=\"width:100%;height:600px\" aria-label=\"Contenu embarqu\u00e9 Contenu embarqu\u00e9 CR-Reunion-de-bureau-du-24-04-2021-1..\"><\/object><a href=\"https:\/\/csa-ruelle.fr\/wp-content\/uploads\/2021\/09\/CR-Reunion-de-bureau-du-24-04-2021-1.pdf\">CR-Reunion-de-bureau-du-24-04-2021-1<\/a><a href=\"https:\/\/csa-ruelle.fr\/wp-content\/uploads\/2021\/09\/CR-Reunion-de-bureau-du-24-04-2021-1.pdf\" class=\"wp-block-file__button\" download>T\u00e9l\u00e9charger<\/a><\/div>\n","protected":false},"excerpt":{"rendered":"<p>Page Facebook REF Apr\u00e8s le changement de rev\u00eatement du sol !! NOTA : le point important de la derni\u00e8re modification du r\u00e8glement interne du 27 octobre 2021 : 8-1-2 R\u00e8gles de s\u00e9curit\u00e9 Il est interdit de pratiquer l\u2019activit\u00e9 de Remise en Forme \u00ab seul \u00bb dans la salle.L\u2019obligation g\u00e9n\u00e9rale de s\u00e9curit\u00e9 de porter secours dans &hellip; <\/p>\n<p class=\"link-more\"><a href=\"https:\/\/csa-ruelle.fr\/?page_id=76\" class=\"more-link\">Continuer la lecture<span class=\"screen-reader-text\"> de &laquo;&nbsp;Section Remise en Forme&nbsp;&raquo;<\/span><\/a><\/p>\n","protected":false},"author":1,"featured_media":0,"parent":0,"menu_order":0,"comment_status":"closed","ping_status":"closed","template":"","meta":{"footnotes":""},"class_list":["post-76","page","type-page","status-publish","hentry"],"_links":{"self":[{"href":"https:\/\/csa-ruelle.fr\/index.php?rest_route=\/wp\/v2\/pages\/76","targetHints":{"allow":["GET"]}}],"collection":[{"href":"https:\/\/csa-ruelle.fr\/index.php?rest_route=\/wp\/v2\/pages"}],"about":[{"href":"https:\/\/csa-ruelle.fr\/index.php?rest_route=\/wp\/v2\/types\/page"}],"author":[{"embeddable":true,"href":"https:\/\/csa-ruelle.fr\/index.php?rest_route=\/wp\/v2\/users\/1"}],"replies":[{"embeddable":true,"href":"https:\/\/csa-ruelle.fr\/index.php?rest_route=%2Fwp%2Fv2%2Fcomments&post=76"}],"version-history":[{"count":26,"href":"https:\/\/csa-ruelle.fr\/index.php?rest_route=\/wp\/v2\/pages\/76\/revisions"}],"predecessor-version":[{"id":803,"href":"https:\/\/csa-ruelle.fr\/index.php?rest_route=\/wp\/v2\/pages\/76\/revisions\/803"}],"wp:attachment":[{"href":"https:\/\/csa-ruelle.fr\/index.php?rest_route=%2Fwp%2Fv2%2Fmedia&parent=76"}],"curies":[{"name":"wp","href":"https:\/\/api.w.org\/{rel}","templated":true}]}}