{"id":263,"date":"2018-08-28T18:39:39","date_gmt":"2018-08-28T16:39:39","guid":{"rendered":"http:\/\/csa-ruelle.fr\/?page_id=263"},"modified":"2022-09-21T17:09:01","modified_gmt":"2022-09-21T15:09:01","slug":"presentation-de-lassociation-csar","status":"publish","type":"page","link":"https:\/\/csa-ruelle.fr\/?page_id=263","title":{"rendered":"Pr\u00e9sentation de l&rsquo;Association CSAR"},"content":{"rendered":"<p><strong>Notre association poss\u00e8de une histoire ancienne que vous pourrez d\u00e9couvrir dans la pr\u00e9sentation ci-apr\u00e8s :<\/strong><\/p>\n<p>Le club a vu sa cr\u00e9ation officialis\u00e9e \u00e0 la pr\u00e9fecture d\u2019Angoul\u00eame sous l\u2019appellation Union Sportive des Apprentis de la Fonderie et Section V\u00e9locip\u00e9dique Athl\u00e9tique de Ruelle (USAF-SVAR) en 1948, implant\u00e9 dans l\u2019Etablissement des Constructions Navales de Ruelle sur Touvre (ECAN), \u00e9tablissement prenant le nom de Direction des Constructions Navales (DCN) dans les ann\u00e9es 70.<\/p>\n<p>Devenu Club Sportif et Artistique de Ruelle (CSAR) en 1995, le Club a pris son autonomie en 2003, lors du changement de statuts de DCN. Depuis cette date, le nombre d\u2019activit\u00e9s est pass\u00e9 de quatorze \u00e0 huit.<\/p>\n<p>N\u00e9anmoins, l\u2019ensemble des activit\u00e9s sportives et culturelles propos\u00e9es, fort du dynamisme et du savoir faire des responsables de sections, font que le club compte aujourd\u2019hui\u00a0 plus de 750 adh\u00e9rents licenci\u00e9s.<\/p>\n<p>Si un temps les adh\u00e9rents du CSA \u00e9taient issus des personnels de la d\u00e9fense et de leurs familles, aujourd\u2019hui ils rel\u00e8vent pour la plus grande majorit\u00e9 du monde ext\u00e9rieur \u00e0 la d\u00e9fense. Cette ouverture offre l\u2019opportunit\u00e9 d\u2019\u00e9change de valeurs et de reconnaissance mutuelle. Elle s\u2019inscrit dans le projet et le plan d\u2019action de notre f\u00e9d\u00e9ration.<\/p>\n<p>Il n\u2019est pas inutile de mentionner que l\u2019existence du club ne pourrait \u00eatre possible sans l\u2019aide apport\u00e9e par Naval Group et par la commune de Ruelle sur Touvre pour le logement des activit\u00e9s sportives et culturelles. Trois de nos activit\u00e9s ont emm\u00e9nag\u00e9 dans le nouveau complexe sportif de Ruelle sur Touvre le 19 septembre 2009.<\/p>\n<p>Les activit\u00e9s du CSA sont, pour les sportives : le Cano\u00eb, le Cyclisme, le cyclotourisme, le VTT, la Plong\u00e9e, la Remise en forme par la musculation, le stretching, la gym, le Ski\u00a0 et la gym pr\u00e9paratrice au ski, pour les culturelles : la Micro-informatique, la Musique et la Photographie.<\/p>\n<p>Plusieurs de ces activit\u00e9s participent r\u00e9guli\u00e8rement aux activit\u00e9s f\u00e9d\u00e9rales, sportives et culturelles, en portant les couleurs du club, le jaune et le noir, sur les podiums.<\/p>\n<p>Egalement, le club participe aux manifestations locales de la ville de Ruelle sur Touvre des communes environnantes et du d\u00e9partement.<\/p>\n<p>Fort de son histoire, le CSA Ruelle s\u2019est engag\u00e9 \u00e0 soutenir avec vigueur ses valeurs dans le d\u00e9veloppement des \u00e9changes avec l\u2019ensemble des acteurs locaux.<\/p>\n<p>Pour illustrer l\u2019histoire du club vous trouverez sur le site internet un article intitul\u00e9 \u00ab\u00a0Histoire du club\u00a0\u00bb sur le mouvement sportif et culturel entre la ville de Ruelle sur Touvre et son entreprise DCNS, devenu Naval Group en 2017.<\/p>\n<p>Le pr\u00e9sident<\/p>\n<p>Jean-Fran\u00e7ois DUROUDIER<\/p>\n","protected":false},"excerpt":{"rendered":"<p>Notre association poss\u00e8de une histoire ancienne que vous pourrez d\u00e9couvrir dans la pr\u00e9sentation ci-apr\u00e8s : Le club a vu sa cr\u00e9ation officialis\u00e9e \u00e0 la pr\u00e9fecture d\u2019Angoul\u00eame sous l\u2019appellation Union Sportive des Apprentis de la Fonderie et Section V\u00e9locip\u00e9dique Athl\u00e9tique de Ruelle (USAF-SVAR) en 1948, implant\u00e9 dans l\u2019Etablissement des Constructions Navales de Ruelle sur Touvre (ECAN), &hellip; <\/p>\n<p class=\"link-more\"><a href=\"https:\/\/csa-ruelle.fr\/?page_id=263\" class=\"more-link\">Continuer la lecture<span class=\"screen-reader-text\"> de &laquo;&nbsp;Pr\u00e9sentation de l&rsquo;Association CSAR&nbsp;&raquo;<\/span><\/a><\/p>\n","protected":false},"author":1,"featured_media":0,"parent":0,"menu_order":0,"comment_status":"closed","ping_status":"closed","template":"","meta":{"footnotes":""},"class_list":["post-263","page","type-page","status-publish","hentry"],"_links":{"self":[{"href":"https:\/\/csa-ruelle.fr\/index.php?rest_route=\/wp\/v2\/pages\/263","targetHints":{"allow":["GET"]}}],"collection":[{"href":"https:\/\/csa-ruelle.fr\/index.php?rest_route=\/wp\/v2\/pages"}],"about":[{"href":"https:\/\/csa-ruelle.fr\/index.php?rest_route=\/wp\/v2\/types\/page"}],"author":[{"embeddable":true,"href":"https:\/\/csa-ruelle.fr\/index.php?rest_route=\/wp\/v2\/users\/1"}],"replies":[{"embeddable":true,"href":"https:\/\/csa-ruelle.fr\/index.php?rest_route=%2Fwp%2Fv2%2Fcomments&post=263"}],"version-history":[{"count":2,"href":"https:\/\/csa-ruelle.fr\/index.php?rest_route=\/wp\/v2\/pages\/263\/revisions"}],"predecessor-version":[{"id":634,"href":"https:\/\/csa-ruelle.fr\/index.php?rest_route=\/wp\/v2\/pages\/263\/revisions\/634"}],"wp:attachment":[{"href":"https:\/\/csa-ruelle.fr\/index.php?rest_route=%2Fwp%2Fv2%2Fmedia&parent=263"}],"curies":[{"name":"wp","href":"https:\/\/api.w.org\/{rel}","templated":true}]}}