{"id":116,"date":"2017-12-30T19:09:11","date_gmt":"2017-12-30T18:09:11","guid":{"rendered":"http:\/\/csa-ruelle.fr\/?page_id=116"},"modified":"2020-07-07T16:14:35","modified_gmt":"2020-07-07T14:14:35","slug":"histoire-du-club","status":"publish","type":"page","link":"https:\/\/csa-ruelle.fr\/?page_id=116","title":{"rendered":"Histoire du club"},"content":{"rendered":"<p style=\"text-align: center;\"><strong>HISTOIRE<\/strong><\/p>\n<p style=\"text-align: center;\"><strong>DU MOUVEMENT SPORTIF ET CULTUREL <\/strong><\/p>\n<p style=\"text-align: center;\"><strong>DE LA VILLE ET DE LA FONDERIE<\/strong><\/p>\n<p style=\"text-align: center;\"><strong>\u00a0DE RUELLE SUR TOUVRE<\/strong><\/p>\n<p style=\"text-align: center;\">***************<\/p>\n<p>L\u2019historique de ce mouvement sportif et culturel, dans ses tenants et ses aboutissants, a sans conteste, eu un lien \u00e9troit avec l\u2019armement, les arm\u00e9es et le minist\u00e8re de la d\u00e9fense, sous ses multiples appellations.<\/p>\n<p>Il n\u2019est que v\u00e9rit\u00e9 de dire que le d\u00e9veloppement de la ville de Ruelle sur Touvre co\u00efncide avec le d\u00e9veloppement de la fonderie. D\u00e9veloppement qui permit la croissance \u00e9conomique, et de fait, amena un grand nombre de personnes, au niveau local ou national, \u00e0 venir travailler \u00e0 Ruelle sur Touvre, comme ing\u00e9nieurs, cadres et ouvriers.<\/p>\n<p>Je suis persuad\u00e9 que ce d\u00e9veloppement \u00e9conomique de l\u2019entreprise, par le travail et la formation, permettant l\u2019\u00e9l\u00e9vation du niveau social des personnes, a engendr\u00e9 le mouvement sportif et culturel.<\/p>\n<p>L\u2019histoire de Ruelle et de sa fonderie vient corroborer de fait la cr\u00e9ation de ce mouvement sportif et culturel au cours du vingti\u00e8me si\u00e8cle, au sein de la ville et de l\u2019entreprise, comme un trait d\u2019union.<\/p>\n<p>Faisons un peu d\u2019histoire\u00a0:<\/p>\n<p>Il faut d\u2019abord noter que, de tout temps ont coexist\u00e9 ceux qui forgent les armes et ceux qui s\u2019en servent, les arsenaux et les arm\u00e9es, les ouvriers et les soldats. Si les traditions remontent \u00e0 Philippe Auguste, et \u00e0 la bataille de Bouvines pour l\u2019Arm\u00e9e de Terre, \u00e0 la guerre de cent ans pour la Marine, aux ordonnances de Charles VII pour la Gendarmerie et, plus r\u00e9cemment, \u00e0 la guerre de 14 pour l\u2019Arm\u00e9e de l\u2019Air, l\u2019histoire des Arsenaux de la marine et des manufactures d\u2019armes remonte \u00e0 Colbert, celle des Ateliers de l\u2019a\u00e9ronautique aux lendemains de la Grande Guerre.<\/p>\n<p>S\u2019agissant de la Grande Guerre, quelle relation avec le sport\u00a0me direz-vous ? Eh bien, J\u2019ai appris lors d\u2019un expos\u00e9 de M. Michel MERCKEL sur son livre \u00ab\u00a014-18, le sport sorti des tranch\u00e9es\u00a0\u00bb autant surprenant que cela puisse para\u00eetre, les grands \u00e9v\u00e9nements sportifs nationaux et internationaux vont prendre leurs racines dans la boue des tranch\u00e9es. C\u2019est un fait, la guerre a toujours fait avancer la soci\u00e9t\u00e9.<\/p>\n<p>Jusqu\u2019\u00e0 la fin de ann\u00e9es 50, \u00e0 chaque arm\u00e9e \u00e9tait associ\u00e9 une structure industrielle. La marine utilisera les arsenaux de la direction des constructions navales (DCN) pour construire et entretenir ses navires. La fonderie de Ruelle, devenu Etablissement de Constructions d\u2019armes Navales (ECAN), puis DCN, levier de d\u00e9veloppement \u00e9conomique de la ville, permettra l\u2019\u00e9volution du mouvement sportif et culturel local.<\/p>\n<p>En 1959, date de cr\u00e9ation de notre premi\u00e8re structure f\u00e9d\u00e9rale, les divers services de construction d\u2019armement furent soustraits aux arm\u00e9es et regroup\u00e9s en une structure unique directement subordonn\u00e9e au minist\u00e8re, la d\u00e9l\u00e9gation minist\u00e9rielle \u00e0 l\u2019Armement (DMA), devenue plus tard d\u00e9l\u00e9gation G\u00e9n\u00e9rale \u00e0 l\u2019Armement (DGA).<\/p>\n<p>Aujourd\u2019hui, le CSAR a conserv\u00e9 ce sigle sous son num\u00e9ro d\u2019affiliation \u00e0 la f\u00e9d\u00e9ration des clubs de la d\u00e9fense, 156-06-DGA. (En 2017, avec le changement administratif des r\u00e9gions le num\u00e9ro du club est 156-07-EX)<\/p>\n<p>S\u2019il est bien difficile au niveau national de savoir exactement comment sont n\u00e9s les clubs sportifs et artistiques des arm\u00e9es. Il est certain que les plus anciens d\u2019entre eux remontent aux ann\u00e9es 30 et ont vu le jour dans le milieu civil des ateliers d\u2019armement et des arsenaux ou la tradition associative \u00e9tait l\u00e9gale et plus naturelle que dans les arm\u00e9es. Il faut se rappeler que le droit de libre association ne sera reconnu aux militaires qu\u2019en 1972. Cependant, il faut noter que la cr\u00e9ation des clubs dans les arm\u00e9es, s\u2019est faite par le biais du d\u00e9veloppement des services sociaux.<\/p>\n<p>Pour en venir \u00e0 l\u2019histoire de la cr\u00e9ation de l\u2019association C.S.A.R., voici un r\u00e9sum\u00e9, au fil du temps, des dates de cr\u00e9ation des diff\u00e9rentes associations au sein de la ville et de la fonderie de Ruelle :<\/p>\n<p>1903 \u00a0\u00a0\u00a0\u00a0\u00a0\u00a0 La MUSIQUE\u00a0: une association de Ruelle, qui est la plus ancienne section du club<\/p>\n<p>1909\u00a0 \u00a0 \u00a0 \u00a0 Le \u00a0S.V.A.R. : Sport V\u00e9locip\u00e9dique et Athl\u00e9tique Ruellois, une association de Ruelle<\/p>\n<p>1945 \u00a0\u00a0\u00a0\u00a0\u00a0\u00a0 L\u2019U.S.A.F.\u00a0 : Union Sportive des apprentis de la Fonderie<\/p>\n<p>1948 \u00a0\u00a0\u00a0\u00a0\u00a0\u00a0 L\u2019U.S.A.F.-S.V.A.R.\u00a0: Regroupement des activit\u00e9s des deux entit\u00e9s et naissance du club par la d\u00e9claration \u00e0 la pr\u00e9fecture d\u2019Angoul\u00eame le 16 janvier 1948<\/p>\n<p>1962\u00a0 \u00a0 \u00a0 \u00a0 \u00a0Le COMITE CULTUREL : Musique, Danse, Photo, Biblioth\u00e8que, Micro-informatique<\/p>\n<p>1987\u00a0 \u00a0 \u00a0 \u00a0 \u00a0Le MAC\/ECAN : Musique, Art et Culture de l\u2019ECAN (Etablissement des constructions d\u2019armes navales)<\/p>\n<p>1991\u00a0 \u00a0 \u00a0 \u00a0 \u00a0Le MAC\/DCN : Musique, Art et culture de DCN<\/p>\n<p>1995 \u00a0\u00a0\u00a0\u00a0\u00a0\u00a0 Le CSAR\u00a0: Club Sportif et Artistique de Ruelle, a \u00e9t\u00e9 le regroupement des activit\u00e9s sport et culture. Il a fait suite \u00e0 la naissance de la f\u00e9d\u00e9ration des clubs de la d\u00e9fense en 1992 \u00e0 Auxerre.<\/p>\n<p>Apr\u00e8s cette g\u00e9n\u00e9alogie du club \u00e0 travers un r\u00e9sum\u00e9 des dates, rep\u00e8re pour situer les grands moments de son existence, il faut souligner que cette vie a \u00e9t\u00e9 riche, riche de sports, riche de cultures, de connaissances, des loisirs indispensables \u00e0 l\u2019\u00e9quilibre de la vie quotidienne des personnes, quelque soit leur niveau socio-culturel.<\/p>\n<p>Force est de constater que cette richesse, car il n\u2019y a ni richesse ni force que d\u2019hommes disait Jean Bodin, que le nombre important d\u2019adh\u00e9rents, hommes et femmes, ont \u00e9t\u00e9 constant dans la vie du club. Pour atteindre un sommet au d\u00e9but des ann\u00e9es 80, \u00e0 2212, uniquement en sport. Avec 16 activit\u00e9s pratiqu\u00e9es\u00a0: Cyclisme (1908), Football (1908), Basket (1946), Athl\u00e9tisme (1956), Judo (1958), Ski (1962), Handball (1966), Cano\u00eb (1968), Rugby (1971), Equitation (1974), Cyclotourisme (1975), Plong\u00e9e sous marine (1975), Tir \u00e0 l\u2019arc (1978), Karat\u00e9 (1987), Tennis (1961), et Volley ball (1961).<\/p>\n<p>A la m\u00eame p\u00e9riode, environ 450 personnes adh\u00e9rent aux cinq activit\u00e9s culturelles\u00a0: Musique (1903), Danse (1966), Photographie (1962), Biblioth\u00e8que (1962) et Micro-informatique (1984).<\/p>\n<p>Au total, c\u2019est pr\u00e8s de 2700 personnes qui participent aux activit\u00e9s sportives et culturelles.<\/p>\n<p>Il faut donc reconna\u00eetre que ce mouvement sportif et culturel a permis \u00e0 bon nombre d\u2019ouvriers, d\u2019employ\u00e9s et de cadres de DCN, de leur familles, ainsi qu\u2019aux habitants de Ruelle, de d\u00e9couvrir l\u2019int\u00e9r\u00eat et les bienfaits du sport et de la culture, au fil du temps. (On pourrait dire plut\u00f4t, au fil de l\u2019eau de la Touvre)<\/p>\n<p>Outre l\u2019int\u00e9r\u00eat de la pratique du sport et de la culture, l\u2019essor de l\u2019association passe par l\u2019encadrement et la formation. Devenir moniteur, animateur, encadrant, dirigeant ne s\u2019improvise pas. D\u2019o\u00f9 cette imp\u00e9rieuse n\u00e9cessit\u00e9 qui a permis \u00e0 de nombreux personnels de se former et de transmettre aux autres. On peut le voir comme un tremplin social en quelque sorte\u00a0!<\/p>\n<p>Il faut noter que la gestion du club a \u00e9t\u00e9 soutenue par de nombreux personnels d\u00e9tach\u00e9s de DCN, que ce soit pour administrer le Bureau G\u00e9n\u00e9ral ou pour encadrer certaines activit\u00e9s. Mais aussi par des personnels salari\u00e9s du club, et surtout, par un grand nombre de b\u00e9n\u00e9voles.<\/p>\n<p>Apr\u00e8s le changement de statuts de DCN en 2003, l\u2019entreprise, devenu DCNS et donc entreprise priv\u00e9e, s\u2019est s\u00e9par\u00e9e du club.<\/p>\n<p>Le CLUB SPORTIF ET ARTISTIQUE DE RUELLE SUR TOUVRE a du prendre son autonomie, lors de ce changement de statuts de DCN. Depuis cette date, le nombre de sections est pass\u00e9 progressivement de quatorze \u00e0 huit.<\/p>\n<p>N\u00e9anmoins, l\u2019ensemble des activit\u00e9s sportives et culturelles propos\u00e9es, fort du dynamisme et du savoir faire des responsables de sections, dont beaucoup sont encore en activit\u00e9 \u00e0 DCNS, font que le club compte aujourd\u2019hui 800 adh\u00e9rents.<\/p>\n<p>Ces activit\u00e9s sont\u00a0:<\/p>\n<p>&#8211; pour les sportives\u00a0: le Cano\u00eb, le Cyclisme, Cyclotourisme, le VTT, la Plong\u00e9e sous marine, la Remise en forme par la musculation, le Stretching, le Ski et la Gym Ski.<\/p>\n<p>&#8211; pour les culturelles\u00a0: la Micro-informatique, la Musique et la Photographie.<\/p>\n<p>Si un temps les adh\u00e9rents du CSA \u00e9taient issus des personnels de la d\u00e9fense et de leurs familles, aujourd\u2019hui ils rel\u00e8vent pour la plus grande majorit\u00e9 du monde ext\u00e9rieur \u00e0 la communaut\u00e9 d\u00e9fense (85%). Cette ouverture offre l\u2019opportunit\u00e9 d\u2019\u00e9change de valeurs et de reconnaissance mutuelle. Elle s\u2019inscrit dans le projet et le plan d\u2019action de notre f\u00e9d\u00e9ration.<\/p>\n<p>Ce qu\u2019il faut retenir, c\u2019est que les valeurs transmises par ce mouvement sportif et culturel, inscrites dans l\u2019ADN du club, continue \u00e0 vivre.<\/p>\n<p>Pour conclure, je pense qu\u2019il n\u2019est pas inutile de mentionner que l\u2019existence du club ne pourrait \u00eatre possible sans l\u2019aide apport\u00e9e par DCNS devenu Naval Group en 2017,\u00a0 et par la commune de Ruelle sur Touvre, en l\u2019occurrence pour le logement des activit\u00e9s sportives et culturelles.<\/p>\n<p><span style=\"font-size: 1rem;\">Vous me permettrez de terminer mes propos par une citation d\u2019un aviateur, pour l\u2019ancien militaire de l\u2019Arm\u00e9e de l\u2019air que je suis, d\u2019Alexandre de Saint Exup\u00e9ry\u00a0:<\/span><\/p>\n<p>\u00ab\u00a0L\u2019avenir tu n\u2019as pas \u00e0 le pr\u00e9voir, mais \u00e0 le permettre\u00a0\u00bb<\/p>\n<p>Jean-Fran\u00e7ois DUROUDIER<\/p>\n<p>Pr\u00e9sident du CSAR<\/p>\n","protected":false},"excerpt":{"rendered":"<p>HISTOIRE DU MOUVEMENT SPORTIF ET CULTUREL DE LA VILLE ET DE LA FONDERIE \u00a0DE RUELLE SUR TOUVRE *************** L\u2019historique de ce mouvement sportif et culturel, dans ses tenants et ses aboutissants, a sans conteste, eu un lien \u00e9troit avec l\u2019armement, les arm\u00e9es et le minist\u00e8re de la d\u00e9fense, sous ses multiples appellations. Il n\u2019est que &hellip; <\/p>\n<p class=\"link-more\"><a href=\"https:\/\/csa-ruelle.fr\/?page_id=116\" class=\"more-link\">Continuer la lecture<span class=\"screen-reader-text\"> de &laquo;&nbsp;Histoire du club&nbsp;&raquo;<\/span><\/a><\/p>\n","protected":false},"author":1,"featured_media":0,"parent":0,"menu_order":0,"comment_status":"closed","ping_status":"closed","template":"","meta":{"footnotes":""},"class_list":["post-116","page","type-page","status-publish","hentry"],"_links":{"self":[{"href":"https:\/\/csa-ruelle.fr\/index.php?rest_route=\/wp\/v2\/pages\/116","targetHints":{"allow":["GET"]}}],"collection":[{"href":"https:\/\/csa-ruelle.fr\/index.php?rest_route=\/wp\/v2\/pages"}],"about":[{"href":"https:\/\/csa-ruelle.fr\/index.php?rest_route=\/wp\/v2\/types\/page"}],"author":[{"embeddable":true,"href":"https:\/\/csa-ruelle.fr\/index.php?rest_route=\/wp\/v2\/users\/1"}],"replies":[{"embeddable":true,"href":"https:\/\/csa-ruelle.fr\/index.php?rest_route=%2Fwp%2Fv2%2Fcomments&post=116"}],"version-history":[{"count":5,"href":"https:\/\/csa-ruelle.fr\/index.php?rest_route=\/wp\/v2\/pages\/116\/revisions"}],"predecessor-version":[{"id":624,"href":"https:\/\/csa-ruelle.fr\/index.php?rest_route=\/wp\/v2\/pages\/116\/revisions\/624"}],"wp:attachment":[{"href":"https:\/\/csa-ruelle.fr\/index.php?rest_route=%2Fwp%2Fv2%2Fmedia&parent=116"}],"curies":[{"name":"wp","href":"https:\/\/api.w.org\/{rel}","templated":true}]}}